{"id":1824,"date":"2024-10-25T18:56:42","date_gmt":"2024-10-25T18:56:42","guid":{"rendered":"https:\/\/sportix.cl\/?page_id=1824"},"modified":"2025-03-06T16:00:54","modified_gmt":"2025-03-06T16:00:54","slug":"reglamento-de-seguridad","status":"publish","type":"page","link":"https:\/\/sportix.cl\/index.php\/reglamento-de-seguridad\/","title":{"rendered":"Reglamento de Seguridad"},"content":{"rendered":"\n<p><strong>NORMAS DE SEGURIDAD Y REGLAMENTOS PARA LA ESCALADA<\/strong>&nbsp;<\/p>\n\n\n\n<p>Por favor, lea cada una de las siguientes directrices. Si tiene alguna pregunta, por favor consulte con el personal. El Centro de escalada requiere que los padres o tutores legales de los participantes menores de 18 firmen por el participante, despu\u00e9s de entender el reglamento.<\/p>\n\n\n\n<p><strong>REGLAMENTO<\/strong><\/p>\n\n\n\n<p>1-Escaladores y usuarios, antes de intentar un boulder o escalar, deben fijarse de no interferir en la escalada de otro escalador.<\/p>\n\n\n\n<p>2-Esperar su turno, atentos a las ca\u00eddas de otros escaladores y usuarios, en lo posible fuera de las colchonetas.<\/p>\n\n\n\n<p>3-Los escaladores y usuarios deben tener presente que las presas, producto del uso normal, a veces tienden a girarse sobre su eje, lo que puede provocar ca\u00eddas inesperadas.<\/p>\n\n\n\n<p>4-No dejar objetos sobre las colchonetas, que pudieren resultar peligrosos al momento de las ca\u00eddas.<\/p>\n\n\n\n<p>5-No utilizar objetos en bolsillos al momento de escalar<\/p>\n\n\n\n<p>6- Al momento de hacer top de boulder esta <strong>PROHIBIDO <\/strong>\u00a0traspasar con las manos y cabeza sobre la altura m\u00e1xima del muro.<\/p>\n\n\n\n<p>7-Intenta amortiguar y controlar la ca\u00edda para evitar lesiones, <strong>evita saltar<\/strong> y prefiere desescalar.<\/p>\n\n\n\n<p>8-Menores de 6 a\u00f1os deben ser acompa\u00f1ados <strong>SIEMPRE <\/strong>por un adulto<\/p>\n\n\n\n<p>9-Prohibido ingresar bajo la influencia de alcohol, drogas o medicamentos que induzcan al sue\u00f1o.<\/p>\n\n\n\n<p>Sportix Boulder recuerda a los escaladores y usuarios que deben tener presente, en todo momento, que la pr\u00e1ctica negligente e imprudente de la escalada &nbsp;puede conllevar riesgos serios para la vida, salud, y bienes de las personas, m\u00e1s a\u00fan cuando no se observan las normas m\u00ednimas de seguridad que se han dispuesto a fin de evitar estos riesgos.<\/p>\n\n\n\n<p>Por lo anterior, Sportix Boulder se reserva el derecho de prohibir la pr\u00e1ctica de la escalada a quien no cumpla estas normas de seguridad, o demuestre una actitud temeraria, poniendo en peligro a su persona o a terceros, o afectando la integridad de los equipos y elementos de seguridad del recinto.<\/p>\n\n\n\n<p>Hay significativos elementos de riesgo en cualquier deporte de aventura o actividad asociada a un centro de escalada: zona de boulder, (a lo que se refiere el presente documento como la actividad). Hemos tomado medidas razonables para ofrecerle equipo y\/o instructores calificados de forma adecuada para que pueda disfrutar de una actividad para la que se puede o no puede ser calificada. Sin embargo, queremos recordarle que la actividad tiene riesgos previsibles e imprevisibles y ciertos riesgos no pueden eliminarse sin destruir el car\u00e1cter \u00fanico y emocionante de la actividad. Los mismos elementos que contribuyen al car\u00e1cter \u00fanico y emocionante de la actividad pueden ser causas de lesiones graves a personas, muerte, y\/o p\u00e9rdida o da\u00f1os a los equipos y pueden ocurrir por accidente, por negligencia, o incluso intencionalmente. Es importante que usted sepa de antemano qu\u00e9 esperar y estar informado de los riesgos inherentes.<\/p>\n\n\n\n<ol class=\"wp-block-list\">\n<li><strong>&nbsp;Reconozco y entiendo las reglas y directrices publicadas en la entrada a las instalaciones del centro de escalada.<\/strong><\/li>\n\n\n\n<li><strong>Reconozco y entiendo que, como usuario, tengo la responsabilidad de comportarme y cualquiera y todas las personas bajo mi supervisi\u00f3n, incluidos los ni\u00f1os menores de edad, de una manera apropiada, cortes, y segura.<\/strong><\/li>\n\n\n\n<li><strong>Reconozco y entiendo que nadie puede utilizar los equipos y\/o instalaciones bajo la influencia del alcohol, drogas o sustancias controladas.<\/strong><\/li>\n\n\n\n<li><strong>Reconozco y entiendo y debo seguir las instrucciones y cuidado del personal del centro de escalada.<\/strong><\/li>\n\n\n\n<li><strong>Reconozco y entiendo que el centro de escalada tiene derecho a negar el acceso a sus instalaciones a cualquier persona, de forma permanente o por un periodo espec\u00edfico de tiempo, por el incumplimiento de adherirse a los lineamientos de seguridad y reglamentos, o por cualquier conducta que se considera como inseguro, inapropiado, o insalubre, incluyendo pero no limitado a: payasadas, lenguaje grosero.<\/strong><\/li>\n<\/ol>\n\n\n\n<p>LISTADO PARCIAL DE RIESGOS<\/p>\n\n\n\n<p>&nbsp;Algunos, pero no todos los riesgos previsibles o imprevisibles, asociados con la ACTIVIDAD:<\/p>\n\n\n\n<p>1. Resbalones, tropiezos, ca\u00eddas y\/o colisiones durante el uso de las paredes de escalada, zonas de boulder, zona de ca\u00edda, \u00e1reas de trabajo y salida, pisos debajo de paredes de escalada, escaleras, salidas y entradas, y otras instalaciones o equipos existentes ahora o en el futuro.<\/p>\n\n\n\n<p>2. El mal uso de los equipos o instalaciones, o la falta de equipos e instalaciones, incluyendo pero no limitado a: presas sueltas o da\u00f1adas.<\/p>\n\n\n\n<p>3. Su fuerza f\u00edsica, la coordinaci\u00f3n, el sentido del equilibrio y la capacidad de seguir o dar instrucciones al subir, aseguramiento, o hacer ejercicio.<\/p>\n\n\n\n<p>4. Abrasi\u00f3n.<\/p>\n\n\n\n<p>5. Toma de decisiones err\u00f3neas por usted , y la presencia, las acciones (incluyendo errores), o las ca\u00eddas de otros escaladores.<\/p>\n\n\n\n<p><strong>ASUNCI\u00d3N EXPRESA DE RIESGO Y RESPONSABILIDAD.<\/strong>&nbsp;<\/p>\n\n\n\n<p>Usted reconoce que la participaci\u00f3n en la actividad es puramente voluntaria. En reconocimiento de los riesgos inherentes a la actividad en la que usted puede participar, usted confirma que usted es f\u00edsicamente y mentalmente capaz de participar en la actividad y\/o el uso de todas las instalaciones y equipos. Usted participa en la actividad de forma voluntaria, y usted asume el riesgo de cualquier y todas las lesiones y\/o da\u00f1os personales o p\u00e9rdida de su propiedad personal que se produzca durante su participaci\u00f3n. Usted asume ese riesgo incluso si la lesi\u00f3n o el da\u00f1o es causado por la negligencia de otros, incluyendo pero no limitado a: miembros, visitantes, trabajadores, funcionarios, directores, agentes, instructores, aseguradores o vigilantes. Usted asume ese riesgo si la actividad en la que est\u00e1 participando es organizado o no organizado, que forma parte de una clase o de instrucci\u00f3n, supervisado o no supervisado.<\/p>\n\n\n\n<p><strong>Usted es consciente del significado de los t\u00e9rminos Boulder, entiende las diferencias entre las actividades. Usted asume el riesgo de lesiones personales accidentes y\/o enfermedades, incluyendo pero no limitado a: esguinces, desgarre de m\u00fasculos y\/o ligamentos, fracturas o huesos rotos, da\u00f1os en los ojos, cortes, heridas, rasgu\u00f1os, abrasiones y\/o contusiones, deshidrataci\u00f3n, exposici\u00f3n y\/o mal de altura, cabeza, cuello, y\/o lesiones de la m\u00e9dula, shock, par\u00e1lisis, y\/o la muerte.<\/strong><\/p>\n\n\n\n<p>TRATAMIENTO M\u00c9DICO. Usted autoriza a cualquier tratamiento m\u00e9dico que se considere necesario en el caso de cualquier lesi\u00f3n o enfermedad durante su participaci\u00f3n en la actividad. O tiene un seguro adecuado o, en su defecto, se compromete a pagar todos los costos de rescate y\/o servicios m\u00e9dicos en que hubieren incurrido en su nombre. LIBERACI\u00d3N. En consideraci\u00f3n de que se le permita participar en la actividad y al uso de las instalaciones, equipos y servicios proporcionados por el centro de escalada, usted, en nombre de si mismo y de los hijos menores de los cuales usted es el padre, tutor legal o de otra manera responsable, su c\u00f3nyuge, su herederos, representantes o designados personales, por la presente liberan a&nbsp; Sportix Boulder , su empresa matriz, directores, funcionarios, empleados y voluntarios, y todos y cada propietario de terreno en cuya&nbsp; propiedad se lleva a cabo la actividad, de toda responsabilidad; y usted renuncia a cualquier reclamaci\u00f3n por da\u00f1os derivados de cualquier causa que sea, incluida la negligencia. Adem\u00e1s de firmar la Renuncia de Casco, usted ha le\u00eddo y entendido este Reconocimiento y Asunci\u00f3n de Riesgos y Liberaci\u00f3n de Responsabilidad. Usted entiende que al firmar este formulario, usted est\u00e1 renunciando a valiosos derechos legales.<\/p>\n","protected":false},"excerpt":{"rendered":"<p>NORMAS DE SEGURIDAD Y REGLAMENTOS PARA LA ESCALADA&nbsp; Por favor, lea cada una de las siguientes directrices. Si tiene alguna pregunta, por favor consulte con el personal. El Centro de &#8230;<\/p>\n","protected":false},"author":1,"featured_media":0,"parent":0,"menu_order":0,"comment_status":"closed","ping_status":"closed","template":"template-fullwidth.php","meta":{"footnotes":""},"class_list":["post-1824","page","type-page","status-publish","hentry"],"jetpack_sharing_enabled":true,"_links":{"self":[{"href":"https:\/\/sportix.cl\/index.php\/wp-json\/wp\/v2\/pages\/1824","targetHints":{"allow":["GET"]}}],"collection":[{"href":"https:\/\/sportix.cl\/index.php\/wp-json\/wp\/v2\/pages"}],"about":[{"href":"https:\/\/sportix.cl\/index.php\/wp-json\/wp\/v2\/types\/page"}],"author":[{"embeddable":true,"href":"https:\/\/sportix.cl\/index.php\/wp-json\/wp\/v2\/users\/1"}],"replies":[{"embeddable":true,"href":"https:\/\/sportix.cl\/index.php\/wp-json\/wp\/v2\/comments?post=1824"}],"version-history":[{"count":2,"href":"https:\/\/sportix.cl\/index.php\/wp-json\/wp\/v2\/pages\/1824\/revisions"}],"predecessor-version":[{"id":1831,"href":"https:\/\/sportix.cl\/index.php\/wp-json\/wp\/v2\/pages\/1824\/revisions\/1831"}],"wp:attachment":[{"href":"https:\/\/sportix.cl\/index.php\/wp-json\/wp\/v2\/media?parent=1824"}],"curies":[{"name":"wp","href":"https:\/\/api.w.org\/{rel}","templated":true}]}}